{"id":932,"date":"2025-07-24T12:38:39","date_gmt":"2025-07-24T10:38:39","guid":{"rendered":"https:\/\/tucho.be\/?post_type=product&#038;p=932"},"modified":"2026-03-10T00:24:38","modified_gmt":"2026-03-09T23:24:38","slug":"golden-crunch","status":"publish","type":"product","link":"https:\/\/tucho.be\/fr\/produit\/golden-crunch\/","title":{"rendered":"Golden Crunch\u2122"},"content":{"rendered":"<p><strong><span style=\"font-size: 17px\">Golden Crunch<br \/>\n<\/span><\/strong>White Chocolate<br \/>\n220 gram<\/p>\n<p>Experience the rich taste of our handcrafted premium chocolate bars. Discover the attention to detail and delightful flavors infused into each handmade masterpiece.<\/p>\n<p>Filled chocolate bars, as many people call it the viral Dubai knafeh kunefe chocolate is the new wave for chocolate lovers.<\/p>\n<p class=\"cvGsUA direction-ltr align-center para-style-body\"><span class=\"OYPEnA font-feature-liga-off font-feature-clig-off font-feature-calt-off text-decoration-none text-strikethrough-none\">A rich fusion of smooth Belgian speculoos and golden crisps, blending warm spices.<\/span><\/p>\n<p>Enjoy The Symphony of Flavours<\/p>\n<p>&nbsp;<\/p>\n<p class=\"p1\"><span class=\"s1\">\ud83c\uddec\ud83c\udde7<\/span><span class=\"s2\"> English (EN):<\/span><\/p>\n<p class=\"p1\"><span class=\"s2\">Ingredients:<\/span><span class=\"s1\"> Corn flakes, speculoos <\/span><span class=\"s3\">(rapeseed oil, wheat flour, sugar, palm fat, sugar syrup, water, emulsifier: lecithin (E322), raising agent: sodium bicarbonate (E500), acidulant: citric acid (E330), salt, maltodextrin, cinnamon, natural flavor)<\/span><span class=\"s1\">, white chocolate <\/span><span class=\"s3\">(sugar, cocoa butter, whole milk powder, cocoa mass, emulsifier: soy lecithin, natural vanilla flavor)<\/span><span class=\"s1\">, sunflower oil.<\/span><\/p>\n<p class=\"p1\"><span class=\"s2\">Allergens:<\/span><span class=\"s1\"> Contains: <\/span><span class=\"s2\">Wheat (gluten), milk, soy.<\/span><span class=\"s1\"> May contain traces of: <\/span><span class=\"s2\">Almonds, hazelnuts, pistachios, sesame.<\/span><\/p>\n<p class=\"p1\"><span class=\"s2\">Storage:<\/span><span class=\"s1\"> Keep in a cool, dry place, away from direct sunlight.<\/span><\/p>\n<p class=\"p1\"><span class=\"s1\">\u2e3b<\/span><\/p>\n<p class=\"p1\"><span class=\"s1\">\ud83c\udde9\ud83c\uddea<\/span><span class=\"s2\"> Deutsch (DE):<\/span><\/p>\n<p class=\"p1\"><span class=\"s2\">Zutaten:<\/span><span class=\"s1\"> Maisflocken, Spekulatius <\/span><span class=\"s3\">(Raps\u00f6l, Weizenmehl, Zucker, Palmfett, Zuckersirup, Wasser, Emulgator: Lecithin (E322), Backtriebmittel: Natriumhydrogencarbonat (E500), S\u00e4uerungsmittel: Zitronens\u00e4ure (E330), Salz, Maltodextrin, Zimt, nat\u00fcrliches Aroma)<\/span><span class=\"s1\">, wei\u00dfe Schokolade <\/span><span class=\"s3\">(Zucker, Kakaobutter, Vollmilchpulver, Kakaomasse, Emulgator: Sojalecithin, nat\u00fcrliches Vanillearoma)<\/span><span class=\"s1\">, Sonnenblumen\u00f6l.<\/span><\/p>\n<p class=\"p1\"><span class=\"s2\">Allergene:<\/span><span class=\"s1\"> Enth\u00e4lt: <\/span><span class=\"s2\">Weizen (Gluten), Milch, Soja.<\/span><span class=\"s1\"> Kann Spuren enthalten von: <\/span><span class=\"s2\">Mandeln, Haseln\u00fcsse, Pistazien, Sesam.<\/span><\/p>\n<p class=\"p1\"><span class=\"s2\">Lagerung:<\/span><span class=\"s1\"> K\u00fchl und trocken lagern, vor direkter Sonneneinstrahlung sch\u00fctzen.<\/span><\/p>\n<p class=\"p1\"><span class=\"s1\">\u2e3b<\/span><\/p>\n<p class=\"p1\"><span class=\"s1\">\ud83c\uddf3\ud83c\uddf1<\/span><span class=\"s2\"> Nederlands (NL):<\/span><\/p>\n<p class=\"p1\"><span class=\"s2\">Ingredi\u00ebnten:<\/span><span class=\"s1\"> Ma\u00efsvlokken, speculoos <\/span><span class=\"s3\">(raapolie, tarwebloem, suiker, palmvet, suikerstroop, water, emulgator: lecithine (E322), rijsmiddel: natriumbicarbonaat (E500), voedingszuur: citroenzuur (E330), zout, maltodextrine, kaneel, natuurlijk aroma)<\/span><span class=\"s1\">, witte chocolade <\/span><span class=\"s3\">(suiker, cacaoboter, volle melkpoeder, cacaomassa, emulgator: sojalecithine, natuurlijk vanillearoma)<\/span><span class=\"s1\">, zonnebloemolie.<\/span><\/p>\n<p class=\"p1\"><span class=\"s2\">Allergenen:<\/span><span class=\"s1\"> Bevat: <\/span><span class=\"s2\">Tarwe (gluten), melk, soja.<\/span><span class=\"s1\"> Kan sporen bevatten van: <\/span><span class=\"s2\">Amandelen, hazelnoten, pistachenoten, sesam.<\/span><\/p>\n<p class=\"p1\"><span class=\"s2\">Bewaren:<\/span><span class=\"s1\"> Koel en droog bewaren, uit de buurt van direct zonlicht.<\/span><\/p>\n<p class=\"p1\"><span class=\"s1\">\u2e3b<\/span><\/p>\n<p class=\"p1\"><span class=\"s1\">\ud83c\uddeb\ud83c\uddf7<\/span><span class=\"s2\"> Fran\u00e7ais (FR):<\/span><\/p>\n<p class=\"p1\"><span class=\"s2\">Ingr\u00e9dients:<\/span><span class=\"s1\"> Flocons de ma\u00efs, sp\u00e9culoos <\/span><span class=\"s3\">(huile de colza, farine de bl\u00e9, sucre, graisse de palme, sirop de sucre, eau, \u00e9mulsifiant: l\u00e9cithine (E322), agent levant: bicarbonate de sodium (E500), acide alimentaire: acide citrique (E330), sel, maltodextrine, cannelle, ar\u00f4me naturel)<\/span><span class=\"s1\">, chocolat blanc <\/span><span class=\"s3\">(sucre, beurre de cacao, lait entier en poudre, masse de cacao, \u00e9mulsifiant: l\u00e9cithine de soja, ar\u00f4me naturel de vanille)<\/span><span class=\"s1\">, huile de tournesol.<\/span><\/p>\n<p class=\"p1\"><span class=\"s2\">Allerg\u00e8nes:<\/span><span class=\"s1\"> Contient: <\/span><span class=\"s2\">Bl\u00e9 (gluten), lait, soja.<\/span><span class=\"s1\"> Peut contenir des traces de: <\/span><span class=\"s2\">Amandes, noisettes, pistaches, s\u00e9same.<\/span><\/p>\n<p class=\"p1\"><span class=\"s2\">Conservation:<\/span><span class=\"s1\"> Conserver dans un endroit frais et sec, \u00e0 l\u2019abri de la lumi\u00e8re directe du soleil.<\/span><\/p>\n<p class=\"p1\"><span class=\"s1\">\u2e3b<\/span><\/p>\n","protected":false},"excerpt":{"rendered":"<p>Pistachio chocolate bars<\/p>\n","protected":false},"featured_media":14121,"template":"","meta":{"_acf_changed":false,"site-sidebar-layout":"default","site-content-layout":"","ast-site-content-layout":"default","site-content-style":"default","site-sidebar-style":"default","ast-global-header-display":"","ast-banner-title-visibility":"","ast-main-header-display":"","ast-hfb-above-header-display":"","ast-hfb-below-header-display":"","ast-hfb-mobile-header-display":"","site-post-title":"","ast-breadcrumbs-content":"","ast-featured-img":"","footer-sml-layout":"","theme-transparent-header-meta":"default","adv-header-id-meta":"","stick-header-meta":"","header-above-stick-meta":"","header-main-stick-meta":"","header-below-stick-meta":"","astra-migrate-meta-layouts":"set","ast-page-background-enabled":"default","ast-page-background-meta":{"desktop":{"background-color":"var(--ast-global-color-5)","background-image":"","background-repeat":"repeat","background-position":"center center","background-size":"auto","background-attachment":"scroll","background-type":"","background-media":"","overlay-type":"","overlay-color":"","overlay-opacity":"","overlay-gradient":""},"tablet":{"background-color":"","background-image":"","background-repeat":"repeat","background-position":"center center","background-size":"auto","background-attachment":"scroll","background-type":"","background-media":"","overlay-type":"","overlay-color":"","overlay-opacity":"","overlay-gradient":""},"mobile":{"background-color":"","background-image":"","background-repeat":"repeat","background-position":"center center","background-size":"auto","background-attachment":"scroll","background-type":"","background-media":"","overlay-type":"","overlay-color":"","overlay-opacity":"","overlay-gradient":""}},"ast-content-background-meta":{"desktop":{"background-color":"var(--ast-global-color-4)","background-image":"","background-repeat":"repeat","background-position":"center center","background-size":"auto","background-attachment":"scroll","background-type":"","background-media":"","overlay-type":"","overlay-color":"","overlay-opacity":"","overlay-gradient":""},"tablet":{"background-color":"var(--ast-global-color-4)","background-image":"","background-repeat":"repeat","background-position":"center center","background-size":"auto","background-attachment":"scroll","background-type":"","background-media":"","overlay-type":"","overlay-color":"","overlay-opacity":"","overlay-gradient":""},"mobile":{"background-color":"var(--ast-global-color-4)","background-image":"","background-repeat":"repeat","background-position":"center center","background-size":"auto","background-attachment":"scroll","background-type":"","background-media":"","overlay-type":"","overlay-color":"","overlay-opacity":"","overlay-gradient":""}}},"product_brand":[],"product_cat":[50],"product_tag":[],"class_list":{"0":"post-932","1":"product","2":"type-product","3":"status-publish","4":"has-post-thumbnail","6":"product_cat-tucho-chocolate-bars","7":"desktop-align-left","8":"tablet-align-left","9":"mobile-align-left","11":"first","12":"instock","13":"taxable","14":"shipping-taxable","15":"purchasable","16":"product-type-simple"},"acf":[],"_links":{"self":[{"href":"https:\/\/tucho.be\/fr\/wp-json\/wp\/v2\/product\/932","targetHints":{"allow":["GET"]}}],"collection":[{"href":"https:\/\/tucho.be\/fr\/wp-json\/wp\/v2\/product"}],"about":[{"href":"https:\/\/tucho.be\/fr\/wp-json\/wp\/v2\/types\/product"}],"wp:featuredmedia":[{"embeddable":true,"href":"https:\/\/tucho.be\/fr\/wp-json\/wp\/v2\/media\/14121"}],"wp:attachment":[{"href":"https:\/\/tucho.be\/fr\/wp-json\/wp\/v2\/media?parent=932"}],"wp:term":[{"taxonomy":"product_brand","embeddable":true,"href":"https:\/\/tucho.be\/fr\/wp-json\/wp\/v2\/product_brand?post=932"},{"taxonomy":"product_cat","embeddable":true,"href":"https:\/\/tucho.be\/fr\/wp-json\/wp\/v2\/product_cat?post=932"},{"taxonomy":"product_tag","embeddable":true,"href":"https:\/\/tucho.be\/fr\/wp-json\/wp\/v2\/product_tag?post=932"}],"curies":[{"name":"wp","href":"https:\/\/api.w.org\/{rel}","templated":true}]}}