{"id":13776,"date":"2025-10-06T21:06:47","date_gmt":"2025-10-06T19:06:47","guid":{"rendered":"https:\/\/tucho.be\/?post_type=product&#038;p=13776"},"modified":"2026-03-10T00:21:17","modified_gmt":"2026-03-09T23:21:17","slug":"pistachio-garden-vegan-edition","status":"publish","type":"product","link":"https:\/\/tucho.be\/nl\/product\/pistachio-garden-vegan-edition\/","title":{"rendered":"Pistachio Garden\u2122 Vegan Edition"},"content":{"rendered":"<p><strong>Pistachio Garden\u2122<\/strong><br \/>\nVegan Edition<br \/>\n197 gram<\/p>\n<p>Experience the rich taste of our handcrafted premium chocolate bars, each filled with creamy pistachio paste. Discover the attention to detail and delightful flavors infused into each handmade masterpiece.<\/p>\n<p>Filled pistachio chocolate bars, as many people call it the viral Dubai knafeh kunefe chocolate is the new wave for chocolate lovers.<\/p>\n<p class=\"cvGsUA direction-ltr align-center para-style-body\"><span class=\"OYPEnA text-decoration-none text-strikethrough-none\">Premium Mediterranean pistachios, crunchy kadayif\u00a0and a subtle hint of tahin.<\/span><\/p>\n<p class=\"cvGsUA direction-ltr align-center para-style-body\"><span class=\"OYPEnA text-decoration-none text-strikethrough-none\">Enjoy The Symphony of Flavours<\/span><\/p>\n<p class=\"p1\"><span class=\"s1\">\ud83c\uddec\ud83c\udde7 <\/span><span class=\"s2\">English (EN):<\/span><\/p>\n<p class=\"cvGsUA direction-ltr align-justify para-style-body\"><span class=\"a_GcMg font-feature-liga-off font-feature-clig-off font-feature-calt-off text-decoration-none text-strikethrough-none\">Dark chocolate: cocoa mass, sugar, cocoa butter, emulsifier (<\/span><span class=\"a_GcMg font-feature-liga-off font-feature-clig-off font-feature-calt-off text-decoration-none text-strikethrough-none\">soy <\/span><span class=\"a_GcMg font-feature-liga-off font-feature-clig-off font-feature-calt-off text-decoration-none text-strikethrough-none\">lecithin), natural vanilla. Vegan <\/span><span class=\"a_GcMg font-feature-liga-off font-feature-clig-off font-feature-calt-off text-decoration-none text-strikethrough-none\">pistachio <\/span><span class=\"a_GcMg font-feature-liga-off font-feature-clig-off font-feature-calt-off text-decoration-none text-strikethrough-none\">cream: vegetable oils and fats (high oleic sunflower oil, cocoa), sugar, <\/span><span class=\"a_GcMg font-feature-liga-off font-feature-clig-off font-feature-calt-off text-decoration-none text-strikethrough-none\">pistachio <\/span><span class=\"a_GcMg font-feature-liga-off font-feature-clig-off font-feature-calt-off text-decoration-none text-strikethrough-none\">(25%), vegetable fiber (inulin), salt, curcumin, chlorophyllin copper. Kadayif: water, corn starch, vegetable oil, salt. Tahin: <\/span><span class=\"a_GcMg font-feature-liga-off font-feature-clig-off font-feature-calt-off text-decoration-none text-strikethrough-none\">sesame <\/span><span class=\"a_GcMg font-feature-liga-off font-feature-clig-off font-feature-calt-off text-decoration-none text-strikethrough-none\">seeds.<\/span><\/p>\n<p class=\"cvGsUA direction-ltr align-justify para-style-body\"><span class=\"s2\">Allergens:<\/span><span class=\"s1\"> Contains: <\/span><span class=\"s2\">Soy, pistachios, sesame.<\/span><span class=\"s1\">\u00a0<\/span><\/p>\n<p class=\"p1\"><span class=\"s2\">Storage:<\/span><span class=\"s1\"> Keep in a cool, dry place, away from direct sunlight.<\/span><\/p>\n<p class=\"p1\"><span class=\"s1\">\u2e3b<\/span><\/p>\n<p class=\"p1\"><span class=\"s1\">\ud83c\udde9\ud83c\uddea <\/span><span class=\"s2\">Deutsch (DE):<\/span><\/p>\n<p class=\"p1\"><span class=\"a_GcMg font-feature-liga-off font-feature-clig-off font-feature-calt-off text-decoration-none text-strikethrough-none\">Zartbitterschokolade: Kakaomasse, Zucker, Kakaobutter, Emulgator (<\/span><span class=\"a_GcMg font-feature-liga-off font-feature-clig-off font-feature-calt-off text-decoration-none text-strikethrough-none\">Soja<\/span><span class=\"a_GcMg font-feature-liga-off font-feature-clig-off font-feature-calt-off text-decoration-none text-strikethrough-none\">lecithin), nat\u00fcrliche Vanille. Vegane <\/span><span class=\"a_GcMg font-feature-liga-off font-feature-clig-off font-feature-calt-off text-decoration-none text-strikethrough-none\">Pistazien<\/span><span class=\"a_GcMg font-feature-liga-off font-feature-clig-off font-feature-calt-off text-decoration-none text-strikethrough-none\">creme: pflanzliche \u00d6le und Fette (hocholeinische Sonnenblumen\u00f6l, Kakao), Zucker, <\/span><span class=\"a_GcMg font-feature-liga-off font-feature-clig-off font-feature-calt-off text-decoration-none text-strikethrough-none\">Pistazie <\/span><span class=\"a_GcMg font-feature-liga-off font-feature-clig-off font-feature-calt-off text-decoration-none text-strikethrough-none\">(25 %), pflanzliche Fasern (Inulin), Salz, Curcumin, Chlorophyllin Kupfer. Kadayif: Wasser, Maisst\u00e4rke, Pflanzen\u00f6l, Salz. Tahin: <\/span><span class=\"a_GcMg font-feature-liga-off font-feature-clig-off font-feature-calt-off text-decoration-none text-strikethrough-none\">Sesam<\/span><span class=\"a_GcMg font-feature-liga-off font-feature-clig-off font-feature-calt-off text-decoration-none text-strikethrough-none\">samen.<\/span><\/p>\n<p class=\"p1\"><span class=\"s2\">Allergene:<\/span><span class=\"s1\"> Enth\u00e4lt: <\/span><span class=\"s2\">Soja, Pistazien, Sesam.<\/span><span class=\"s1\">\u00a0<\/span><\/p>\n<p class=\"p1\"><span class=\"s2\">Lagerung:<\/span><span class=\"s1\"> K\u00fchl und trocken lagern, vor direkter Sonneneinstrahlung sch\u00fctzen.<\/span><\/p>\n<p class=\"p1\"><span class=\"s1\">\u2e3b<\/span><\/p>\n<p class=\"p1\"><span class=\"s1\">\ud83c\uddf3\ud83c\uddf1 <\/span><span class=\"s2\">Nederlands (NL):<\/span><\/p>\n<p class=\"p1\"><span class=\"a_GcMg font-feature-liga-off font-feature-clig-off font-feature-calt-off text-decoration-none text-strikethrough-none\">Pure chocolade: cacaomassa, suiker, cacaoboter, emulgator (<\/span><span class=\"a_GcMg font-feature-liga-off font-feature-clig-off font-feature-calt-off text-decoration-none text-strikethrough-none\">soja<\/span><span class=\"a_GcMg font-feature-liga-off font-feature-clig-off font-feature-calt-off text-decoration-none text-strikethrough-none\">lecithine), natuurlijke vanille. Vegan <\/span><span class=\"a_GcMg font-feature-liga-off font-feature-clig-off font-feature-calt-off text-decoration-none text-strikethrough-none\">pistache<\/span><span class=\"a_GcMg font-feature-liga-off font-feature-clig-off font-feature-calt-off text-decoration-none text-strikethrough-none\">cr\u00e8me: plantaardige oli\u00ebn en vetten (hoogole\u00efne zonnebloemolie, cacao), suiker, <\/span><span class=\"a_GcMg font-feature-liga-off font-feature-clig-off font-feature-calt-off text-decoration-none text-strikethrough-none\">pistache <\/span><span class=\"a_GcMg font-feature-liga-off font-feature-clig-off font-feature-calt-off text-decoration-none text-strikethrough-none\">(25%), plantaardige vezels (inuline), zout, curcumine, chlorofylin koper. Kadayif: water, ma\u00efszetmeel, plantaardige olie, zout. Tahin: <\/span><span class=\"a_GcMg font-feature-liga-off font-feature-clig-off font-feature-calt-off text-decoration-none text-strikethrough-none\">sesam<\/span><span class=\"a_GcMg font-feature-liga-off font-feature-clig-off font-feature-calt-off text-decoration-none text-strikethrough-none\">zaad.<\/span><\/p>\n<p class=\"p1\"><span class=\"s2\">Allergenen:<\/span><span class=\"s1\"> Bevat: <\/span><span class=\"s2\">Soja, pistachenoten, sesam.<\/span><\/p>\n<p class=\"p1\"><span class=\"s2\">Bewaren:<\/span><span class=\"s1\"> Koel en droog bewaren, uit de buurt van direct zonlicht.<\/span><\/p>\n<p class=\"p1\"><span class=\"s1\">\u2e3b<\/span><\/p>\n<p class=\"p1\"><span class=\"s1\">\ud83c\uddeb\ud83c\uddf7 <\/span><span class=\"s2\">Fran\u00e7ais (FR):<\/span><\/p>\n<p class=\"p1\"><span class=\"a_GcMg font-feature-liga-off font-feature-clig-off font-feature-calt-off text-decoration-none text-strikethrough-none\">Chocolat noir : masse de cacao, sucre, beurre de cacao, \u00e9mulsifiant (l\u00e9cithine de <\/span><span class=\"a_GcMg font-feature-liga-off font-feature-clig-off font-feature-calt-off text-decoration-none text-strikethrough-none\">soja<\/span><span class=\"a_GcMg font-feature-liga-off font-feature-clig-off font-feature-calt-off text-decoration-none text-strikethrough-none\">), vanille naturelle. Cr\u00e8me de <\/span><span class=\"a_GcMg font-feature-liga-off font-feature-clig-off font-feature-calt-off text-decoration-none text-strikethrough-none\">pistache <\/span><span class=\"a_GcMg font-feature-liga-off font-feature-clig-off font-feature-calt-off text-decoration-none text-strikethrough-none\">vegan : huiles et graisses v\u00e9g\u00e9tales (huile de tournesol haute ol\u00e9ique, cacao), sucre, <\/span><span class=\"a_GcMg font-feature-liga-off font-feature-clig-off font-feature-calt-off text-decoration-none text-strikethrough-none\">pistache <\/span><span class=\"a_GcMg font-feature-liga-off font-feature-clig-off font-feature-calt-off text-decoration-none text-strikethrough-none\">(25 %), fibres v\u00e9g\u00e9tales (inuline), sel, curcumine, chlorophylline cuivre. Kadayif : eau, f\u00e9cule de ma\u00efs, huile v\u00e9g\u00e9tale, sel. Tahin : graines de <\/span><span class=\"a_GcMg font-feature-liga-off font-feature-clig-off font-feature-calt-off text-decoration-none text-strikethrough-none\">s\u00e9same<\/span><span class=\"a_GcMg font-feature-liga-off font-feature-clig-off font-feature-calt-off text-decoration-none text-strikethrough-none\">.<\/span><\/p>\n<p class=\"p1\"><span class=\"s2\">Allerg\u00e8nes:<\/span><span class=\"s1\"> Contient: <\/span><span class=\"s2\">Soja, pistaches, s\u00e9same.<\/span><span class=\"s1\">\u00a0<\/span><\/p>\n<p class=\"p1\"><span class=\"s2\">Conservation:<\/span><span class=\"s1\"> Conserver dans un endroit frais et sec, \u00e0 l\u2019abri de la lumi\u00e8re directe du soleil.<\/span><\/p>\n<p class=\"p1\"><span class=\"s1\">\u2e3b<\/span><\/p>\n","protected":false},"excerpt":{"rendered":"<p>Pistachio Garden\u2122 Vegan Edition 197 gram Experience the rich taste of our handcrafted premium chocolate bars, each filled with creamy [&hellip;]<\/p>\n","protected":false},"featured_media":14133,"template":"","meta":{"_acf_changed":false,"site-sidebar-layout":"default","site-content-layout":"","ast-site-content-layout":"default","site-content-style":"default","site-sidebar-style":"default","ast-global-header-display":"","ast-banner-title-visibility":"","ast-main-header-display":"","ast-hfb-above-header-display":"","ast-hfb-below-header-display":"","ast-hfb-mobile-header-display":"","site-post-title":"","ast-breadcrumbs-content":"","ast-featured-img":"","footer-sml-layout":"","theme-transparent-header-meta":"default","adv-header-id-meta":"","stick-header-meta":"","header-above-stick-meta":"","header-main-stick-meta":"","header-below-stick-meta":"","astra-migrate-meta-layouts":"set","ast-page-background-enabled":"default","ast-page-background-meta":{"desktop":{"background-color":"var(--ast-global-color-5)","background-image":"","background-repeat":"repeat","background-position":"center center","background-size":"auto","background-attachment":"scroll","background-type":"","background-media":"","overlay-type":"","overlay-color":"","overlay-opacity":"","overlay-gradient":""},"tablet":{"background-color":"","background-image":"","background-repeat":"repeat","background-position":"center center","background-size":"auto","background-attachment":"scroll","background-type":"","background-media":"","overlay-type":"","overlay-color":"","overlay-opacity":"","overlay-gradient":""},"mobile":{"background-color":"","background-image":"","background-repeat":"repeat","background-position":"center center","background-size":"auto","background-attachment":"scroll","background-type":"","background-media":"","overlay-type":"","overlay-color":"","overlay-opacity":"","overlay-gradient":""}},"ast-content-background-meta":{"desktop":{"background-color":"var(--ast-global-color-4)","background-image":"","background-repeat":"repeat","background-position":"center center","background-size":"auto","background-attachment":"scroll","background-type":"","background-media":"","overlay-type":"","overlay-color":"","overlay-opacity":"","overlay-gradient":""},"tablet":{"background-color":"var(--ast-global-color-4)","background-image":"","background-repeat":"repeat","background-position":"center center","background-size":"auto","background-attachment":"scroll","background-type":"","background-media":"","overlay-type":"","overlay-color":"","overlay-opacity":"","overlay-gradient":""},"mobile":{"background-color":"var(--ast-global-color-4)","background-image":"","background-repeat":"repeat","background-position":"center center","background-size":"auto","background-attachment":"scroll","background-type":"","background-media":"","overlay-type":"","overlay-color":"","overlay-opacity":"","overlay-gradient":""}}},"product_brand":[],"product_cat":[50],"product_tag":[],"class_list":{"0":"post-13776","1":"product","2":"type-product","3":"status-publish","4":"has-post-thumbnail","6":"product_cat-tucho-chocolate-bars","7":"desktop-align-left","8":"tablet-align-left","9":"mobile-align-left","11":"first","12":"instock","13":"taxable","14":"shipping-taxable","15":"purchasable","16":"product-type-simple"},"acf":[],"_links":{"self":[{"href":"https:\/\/tucho.be\/nl\/wp-json\/wp\/v2\/product\/13776","targetHints":{"allow":["GET"]}}],"collection":[{"href":"https:\/\/tucho.be\/nl\/wp-json\/wp\/v2\/product"}],"about":[{"href":"https:\/\/tucho.be\/nl\/wp-json\/wp\/v2\/types\/product"}],"wp:featuredmedia":[{"embeddable":true,"href":"https:\/\/tucho.be\/nl\/wp-json\/wp\/v2\/media\/14133"}],"wp:attachment":[{"href":"https:\/\/tucho.be\/nl\/wp-json\/wp\/v2\/media?parent=13776"}],"wp:term":[{"taxonomy":"product_brand","embeddable":true,"href":"https:\/\/tucho.be\/nl\/wp-json\/wp\/v2\/product_brand?post=13776"},{"taxonomy":"product_cat","embeddable":true,"href":"https:\/\/tucho.be\/nl\/wp-json\/wp\/v2\/product_cat?post=13776"},{"taxonomy":"product_tag","embeddable":true,"href":"https:\/\/tucho.be\/nl\/wp-json\/wp\/v2\/product_tag?post=13776"}],"curies":[{"name":"wp","href":"https:\/\/api.w.org\/{rel}","templated":true}]}}