{"id":929,"date":"2025-07-24T12:38:38","date_gmt":"2025-07-24T10:38:38","guid":{"rendered":"https:\/\/tucho.be\/?post_type=product&#038;p=929"},"modified":"2026-03-16T01:39:37","modified_gmt":"2026-03-16T00:39:37","slug":"pistachio-garden-white-gold","status":"publish","type":"product","link":"https:\/\/tucho.be\/nl\/product\/pistachio-garden-white-gold\/","title":{"rendered":"Pistachio Garden\u2122 White Gold"},"content":{"rendered":"<p><strong><span style=\"font-size: 17px\">Pistachio Garden<br \/>\n<\/span><\/strong>White Chocolate Limited Gold Edition<br \/>\n197 gram<\/p>\n<p>Experience the rich taste of our handcrafted premium chocolate bars, each filled with creamy pistachio paste. Discover the attention to detail and delightful flavors infused into each handmade masterpiece.<\/p>\n<p>Filled pistachio chocolate bars, as many people call it the viral Dubai kunefe (knafeh) chocolate is the new wave for chocolate lovers.<\/p>\n<p>Premium Mediterranean pistachios, crunchy kadayif\u00a0and a subtle hint of tahin.<\/p>\n<p>Enjoy The Symphony of Flavours<\/p>\n<p>&nbsp;<\/p>\n<p class=\"p1\"><span class=\"s1\">\ud83c\uddec\ud83c\udde7 <\/span><span class=\"s2\">English (EN):<\/span><\/p>\n<p class=\"p1\"><span class=\"s2\">Ingredients:<\/span><span class=\"s1\"> White chocolate <\/span><span class=\"s3\">(sugar, cocoa butter, whole milk powder, emulsifier: soy lecithin, natural vanilla flavor)<\/span><span class=\"s1\">, pistachio cream <\/span><span class=\"s3\">(vegetable oils (sunflower, olive oil), sugar, skimmed milk powder, whey powder, cocoa powder, natural vanilla, emulsifier: lecithin (E322))<\/span><span class=\"s1\">, tahin <\/span><span class=\"s3\">(sesame)<\/span><span class=\"s1\">, kadayif <\/span><span class=\"s3\">(wheat flour, water, corn starch, vegetable oil (sunflower), salt, preservatives: E202, E282)<\/span><span class=\"s1\">, sunflower oil.<\/span><\/p>\n<p class=\"p1\"><span class=\"s2\">Allergens:<\/span><span class=\"s1\"> Contains: <\/span><span class=\"s2\">Milk, soy, pistachios, wheat (gluten), sesame.<\/span><span class=\"s1\"> May contain traces of: <\/span><span class=\"s2\">Almonds, hazelnuts.<\/span><\/p>\n<p class=\"p1\"><span class=\"s2\">Storage:<\/span><span class=\"s1\"> Keep in a cool, dry place, away from direct sunlight.<\/span><\/p>\n<p class=\"p1\"><span class=\"s1\">\u2e3b<\/span><\/p>\n<p class=\"p1\"><span class=\"s1\">\ud83c\udde9\ud83c\uddea <\/span><span class=\"s2\">Deutsch (DE):<\/span><\/p>\n<p class=\"p1\"><span class=\"s2\">Zutaten:<\/span><span class=\"s1\"> Wei\u00dfe Schokolade <\/span><span class=\"s3\">(Zucker, Kakaobutter, Vollmilchpulver, Emulgator: Sojalecithin, nat\u00fcrliches Vanillearoma)<\/span><span class=\"s1\">, Pistaziencreme <\/span><span class=\"s3\">(pflanzliche \u00d6le (Sonnenblume, Oliven\u00f6l), Zucker, Magermilchpulver, Molkepulver, Kakaopulver, nat\u00fcrliche Vanille, Emulgator: Lecithin (E322))<\/span><span class=\"s1\">, Tahin <\/span><span class=\"s3\">(Sesam)<\/span><span class=\"s1\">, Kadayif <\/span><span class=\"s3\">(Weizenmehl, Wasser, Maisst\u00e4rke, pflanzliches \u00d6l (Sonnenblume), Salz, Konservierungsstoffe: E202, E282)<\/span><span class=\"s1\">, Sonnenblumen\u00f6l.<\/span><\/p>\n<p class=\"p1\"><span class=\"s2\">Allergene:<\/span><span class=\"s1\"> Enth\u00e4lt: <\/span><span class=\"s2\">Milch, Soja, Pistazien, Weizen (Gluten), Sesam.<\/span><span class=\"s1\"> Kann Spuren enthalten von: <\/span><span class=\"s2\">Mandeln, Haseln\u00fcsse.<\/span><\/p>\n<p class=\"p1\"><span class=\"s2\">Lagerung:<\/span><span class=\"s1\"> K\u00fchl und trocken lagern, vor direkter Sonneneinstrahlung sch\u00fctzen.<\/span><\/p>\n<p class=\"p1\"><span class=\"s1\">\u2e3b<\/span><\/p>\n<p class=\"p1\"><span class=\"s1\">\ud83c\uddf3\ud83c\uddf1 <\/span><span class=\"s2\">Nederlands (NL):<\/span><\/p>\n<p class=\"p1\"><span class=\"s2\">Ingredi\u00ebnten:<\/span><span class=\"s1\"> Witte chocolade <\/span><span class=\"s3\">(suiker, cacaoboter, volle melkpoeder, emulgator: sojalecithine, natuurlijk vanillearoma)<\/span><span class=\"s1\">, pistachecr\u00e8me <\/span><span class=\"s3\">(plantaardige oli\u00ebn (zonnebloem, olijfolie), suiker, magere melkpoeder, weipoeder, cacaopoeder, natuurlijke vanille, emulgator: lecithine (E322))<\/span><span class=\"s1\">, tahin <\/span><span class=\"s3\">(sesam)<\/span><span class=\"s1\">, kadayif <\/span><span class=\"s3\">(tarwebloem, water, ma\u00efszetmeel, plantaardige olie (zonnebloem), zout, conserveermiddelen: E202, E282)<\/span><span class=\"s1\">, zonnebloemolie.<\/span><\/p>\n<p class=\"p1\"><span class=\"s2\">Allergenen:<\/span><span class=\"s1\"> Bevat: <\/span><span class=\"s2\">Melk, soja, pistachenoten, tarwe (gluten), sesam.<\/span><span class=\"s1\"> Kan sporen bevatten van: <\/span><span class=\"s2\">Amandelen, hazelnoten.<\/span><\/p>\n<p class=\"p1\"><span class=\"s2\">Bewaren:<\/span><span class=\"s1\"> Koel en droog bewaren, uit de buurt van direct zonlicht.<\/span><\/p>\n<p class=\"p1\"><span class=\"s1\">\u2e3b<\/span><\/p>\n<p class=\"p1\"><span class=\"s1\">\ud83c\uddeb\ud83c\uddf7 <\/span><span class=\"s2\">Fran\u00e7ais (FR):<\/span><\/p>\n<p class=\"p1\"><span class=\"s2\">Ingr\u00e9dients:<\/span><span class=\"s1\"> Chocolat blanc <\/span><span class=\"s3\">(sucre, beurre de cacao, lait entier en poudre, \u00e9mulsifiant: l\u00e9cithine de soja, ar\u00f4me naturel de vanille)<\/span><span class=\"s1\">, cr\u00e8me de pistache <\/span><span class=\"s3\">(huiles v\u00e9g\u00e9tales (tournesol, huile d\u2019olive), sucre, lait \u00e9cr\u00e9m\u00e9 en poudre, poudre de lactos\u00e9rum, poudre de cacao, vanille naturelle, \u00e9mulsifiant: l\u00e9cithine (E322))<\/span><span class=\"s1\">, tahin <\/span><span class=\"s3\">(s\u00e9same)<\/span><span class=\"s1\">, kadayif <\/span><span class=\"s3\">(farine de bl\u00e9, eau, amidon de ma\u00efs, huile v\u00e9g\u00e9tale (tournesol), sel, conservateurs: E202, E282)<\/span><span class=\"s1\">, huile de tournesol.<\/span><\/p>\n<p class=\"p1\"><span class=\"s2\">Allerg\u00e8nes:<\/span><span class=\"s1\"> Contient: <\/span><span class=\"s2\">Lait, soja, pistaches, bl\u00e9 (gluten), s\u00e9same.<\/span><span class=\"s1\"> Peut contenir des traces de: <\/span><span class=\"s2\">Amandes, noisettes.<\/span><\/p>\n<p class=\"p1\"><span class=\"s2\">Conservation:<\/span><span class=\"s1\"> Conserver dans un endroit frais et sec, \u00e0 l\u2019abri de la lumi\u00e8re directe du soleil.<\/span><\/p>\n<p class=\"p1\"><span class=\"s1\">\u2e3b<\/span><\/p>\n<p>&nbsp;<\/p>\n","protected":false},"excerpt":{"rendered":"<p>Pistachio chocolate bars<\/p>\n","protected":false},"featured_media":14136,"template":"","meta":{"_acf_changed":false,"site-sidebar-layout":"default","site-content-layout":"","ast-site-content-layout":"default","site-content-style":"default","site-sidebar-style":"default","ast-global-header-display":"","ast-banner-title-visibility":"","ast-main-header-display":"","ast-hfb-above-header-display":"","ast-hfb-below-header-display":"","ast-hfb-mobile-header-display":"","site-post-title":"","ast-breadcrumbs-content":"","ast-featured-img":"","footer-sml-layout":"","theme-transparent-header-meta":"default","adv-header-id-meta":"","stick-header-meta":"","header-above-stick-meta":"","header-main-stick-meta":"","header-below-stick-meta":"","astra-migrate-meta-layouts":"set","ast-page-background-enabled":"default","ast-page-background-meta":{"desktop":{"background-color":"var(--ast-global-color-5)","background-image":"","background-repeat":"repeat","background-position":"center center","background-size":"auto","background-attachment":"scroll","background-type":"","background-media":"","overlay-type":"","overlay-color":"","overlay-opacity":"","overlay-gradient":""},"tablet":{"background-color":"","background-image":"","background-repeat":"repeat","background-position":"center center","background-size":"auto","background-attachment":"scroll","background-type":"","background-media":"","overlay-type":"","overlay-color":"","overlay-opacity":"","overlay-gradient":""},"mobile":{"background-color":"","background-image":"","background-repeat":"repeat","background-position":"center center","background-size":"auto","background-attachment":"scroll","background-type":"","background-media":"","overlay-type":"","overlay-color":"","overlay-opacity":"","overlay-gradient":""}},"ast-content-background-meta":{"desktop":{"background-color":"var(--ast-global-color-4)","background-image":"","background-repeat":"repeat","background-position":"center center","background-size":"auto","background-attachment":"scroll","background-type":"","background-media":"","overlay-type":"","overlay-color":"","overlay-opacity":"","overlay-gradient":""},"tablet":{"background-color":"var(--ast-global-color-4)","background-image":"","background-repeat":"repeat","background-position":"center center","background-size":"auto","background-attachment":"scroll","background-type":"","background-media":"","overlay-type":"","overlay-color":"","overlay-opacity":"","overlay-gradient":""},"mobile":{"background-color":"var(--ast-global-color-4)","background-image":"","background-repeat":"repeat","background-position":"center center","background-size":"auto","background-attachment":"scroll","background-type":"","background-media":"","overlay-type":"","overlay-color":"","overlay-opacity":"","overlay-gradient":""}}},"product_brand":[],"product_cat":[50],"product_tag":[],"class_list":{"0":"post-929","1":"product","2":"type-product","3":"status-publish","4":"has-post-thumbnail","6":"product_cat-tucho-chocolate-bars","7":"desktop-align-left","8":"tablet-align-left","9":"mobile-align-left","11":"first","12":"instock","13":"taxable","14":"shipping-taxable","15":"purchasable","16":"product-type-simple"},"acf":[],"_links":{"self":[{"href":"https:\/\/tucho.be\/nl\/wp-json\/wp\/v2\/product\/929","targetHints":{"allow":["GET"]}}],"collection":[{"href":"https:\/\/tucho.be\/nl\/wp-json\/wp\/v2\/product"}],"about":[{"href":"https:\/\/tucho.be\/nl\/wp-json\/wp\/v2\/types\/product"}],"wp:featuredmedia":[{"embeddable":true,"href":"https:\/\/tucho.be\/nl\/wp-json\/wp\/v2\/media\/14136"}],"wp:attachment":[{"href":"https:\/\/tucho.be\/nl\/wp-json\/wp\/v2\/media?parent=929"}],"wp:term":[{"taxonomy":"product_brand","embeddable":true,"href":"https:\/\/tucho.be\/nl\/wp-json\/wp\/v2\/product_brand?post=929"},{"taxonomy":"product_cat","embeddable":true,"href":"https:\/\/tucho.be\/nl\/wp-json\/wp\/v2\/product_cat?post=929"},{"taxonomy":"product_tag","embeddable":true,"href":"https:\/\/tucho.be\/nl\/wp-json\/wp\/v2\/product_tag?post=929"}],"curies":[{"name":"wp","href":"https:\/\/api.w.org\/{rel}","templated":true}]}}