{"id":930,"date":"2025-07-24T12:38:38","date_gmt":"2025-07-24T10:38:38","guid":{"rendered":"https:\/\/tucho.be\/?post_type=product&#038;p=930"},"modified":"2026-03-16T01:39:29","modified_gmt":"2026-03-16T00:39:29","slug":"spice-field","status":"publish","type":"product","link":"https:\/\/tucho.be\/nl\/product\/spice-field\/","title":{"rendered":"Spice Field\u2122"},"content":{"rendered":"<p><span style=\"font-size: 18px\"><strong>Tucho Spice Field<\/strong><\/span><br \/>\nMilk Chocolate<br \/>\n230 gram<\/p>\n<p class=\"cvGsUA direction-ltr align-center para-style-body\"><span class=\"OYPEnA text-decoration-none text-strikethrough-none\">A luxurious velvety blend of exotic Indian cardamom, <\/span><span class=\"OYPEnA text-decoration-none text-strikethrough-none\">aromatic cinnamon\u00a0<\/span><span class=\"OYPEnA text-decoration-none text-strikethrough-none\">and crunchy kadayif.<\/span><\/p>\n<p><span class=\"OYPEnA text-decoration-none text-strikethrough-none\">Enjoy The Symphony of Flavours<\/span><\/p>\n<p class=\"p1\"><span class=\"s1\">\ud83c\uddec\ud83c\udde7 <\/span><span class=\"s2\">English (EN)<\/span><\/p>\n<p class=\"p1\"><span class=\"s2\">Ingredients:<\/span><span class=\"s1\"> Milk chocolate <\/span><span class=\"s3\">(sugar, cocoa butter, whole milk powder, cocoa mass, emulsifier: soy lecithin, natural vanilla flavor)<\/span><span class=\"s1\">, speculoos <\/span><span class=\"s3\">(rapeseed oil, wheat flour, sugar, palm fat, sugar syrup, water, emulsifier: lecithin (E322), raising agent: sodium bicarbonate (E500), acidulant: citric acid (E330), salt, maltodextrin, cinnamon, natural flavor)<\/span><span class=\"s1\">, kadayif <\/span><span class=\"s3\">(wheat flour, water, corn starch, vegetable oil (sunflower), salt, preservatives: E202, E282)<\/span><span class=\"s1\">, <\/span><span class=\"s2\">milk powder<\/span><span class=\"s1\">, cardamom, sunflower oil.<\/span><\/p>\n<p class=\"p1\"><span class=\"s2\">Allergens:<\/span><span class=\"s1\"> Contains: <\/span><span class=\"s2\">Milk, soy, wheat (gluten).<\/span><span class=\"s1\"> May contain traces of: <\/span><span class=\"s2\">Almonds, pistachios, hazelnuts.<\/span><\/p>\n<p class=\"p1\"><span class=\"s2\">Storage:<\/span><span class=\"s1\"> Keep in a cool, dry place, away from direct sunlight.<\/span><\/p>\n<p class=\"p1\"><span class=\"s1\">\ud83c\udde9\ud83c\uddea <\/span><span class=\"s2\">Deutsch (DE)<\/span><\/p>\n<p class=\"p1\"><span class=\"s2\">Zutaten:<\/span><span class=\"s1\"> Milchschokolade <\/span><span class=\"s3\">(Zucker, Kakaobutter, Vollmilchpulver, Kakaomasse, Emulgator: Sojalecithin, nat\u00fcrliches Vanillearoma)<\/span><span class=\"s1\">, Spekulatius <\/span><span class=\"s3\">(Raps\u00f6l, Weizenmehl, Zucker, Palmfett, Zuckersirup, Wasser, Emulgator: Lecithin (E322), Backtriebmittel: Natriumhydrogencarbonat (E500), S\u00e4uerungsmittel: Zitronens\u00e4ure (E330), Salz, Maltodextrin, Zimt, nat\u00fcrliches Aroma)<\/span><span class=\"s1\">, Kadayif <\/span><span class=\"s3\">(Weizenmehl, Wasser, Maisst\u00e4rke, pflanzliches \u00d6l (Sonnenblume), Salz, Konservierungsstoffe: E202, E282)<\/span><span class=\"s1\">, <\/span><span class=\"s2\">Milchpulver<\/span><span class=\"s1\">, Kardamom, Sonnenblumen\u00f6l.<\/span><\/p>\n<p class=\"p1\"><span class=\"s2\">Allergene:<\/span><span class=\"s1\"> Enth\u00e4lt: <\/span><span class=\"s2\">Milch, Soja, Weizen (Gluten).<\/span><span class=\"s1\"> Kann Spuren enthalten von: <\/span><span class=\"s2\">Mandeln, Pistazien, Haseln\u00fcsse.<\/span><\/p>\n<p class=\"p1\"><span class=\"s2\">Lagerung:<\/span><span class=\"s1\"> K\u00fchl und trocken lagern, vor direkter Sonneneinstrahlung sch\u00fctzen.<\/span><\/p>\n<p class=\"p1\"><span class=\"s1\">\ud83c\uddf3\ud83c\uddf1 <\/span><span class=\"s2\">Nederlands (NL)<\/span><\/p>\n<p class=\"p1\"><span class=\"s2\">Ingredi\u00ebnten:<\/span><span class=\"s1\"> Melkchocolade <\/span><span class=\"s3\">(suiker, cacaoboter, volle melkpoeder, cacaomassa, emulgator: sojalecithine, natuurlijk vanillearoma)<\/span><span class=\"s1\">, speculoos <\/span><span class=\"s3\">(raapolie, tarwebloem, suiker, palmvet, suikerstroop, water, emulgator: lecithine (E322), rijsmiddel: natriumbicarbonaat (E500), voedingszuur: citroenzuur (E330), zout, maltodextrine, kaneel, natuurlijk aroma)<\/span><span class=\"s1\">, kadayif <\/span><span class=\"s3\">(tarwebloem, water, ma\u00efszetmeel, plantaardige olie (zonnebloem), zout, conserveermiddelen: E202, E282)<\/span><span class=\"s1\">, <\/span><span class=\"s2\">melkpoeder<\/span><span class=\"s1\">, kardemom, zonnebloemolie.<\/span><\/p>\n<p class=\"p1\"><span class=\"s2\">Allergenen:<\/span><span class=\"s1\"> Bevat: <\/span><span class=\"s2\">Melk, soja, tarwe (gluten).<\/span><span class=\"s1\"> Kan sporen bevatten van: <\/span><span class=\"s2\">Amandelen, pistachenoten, hazelnoten.<\/span><\/p>\n<p class=\"p1\"><span class=\"s2\">Bewaren:<\/span><span class=\"s1\"> Koel en droog bewaren, uit de buurt van direct zonlicht.<\/span><\/p>\n<p class=\"p1\"><span class=\"s1\">\ud83c\uddeb\ud83c\uddf7 <\/span><span class=\"s2\">Fran\u00e7ais (FR)<\/span><\/p>\n<p class=\"p1\"><span class=\"s2\">Ingr\u00e9dients:<\/span><span class=\"s1\"> Chocolat au lait <\/span><span class=\"s3\">(sucre, beurre de cacao, lait entier en poudre, masse de cacao, \u00e9mulsifiant: l\u00e9cithine de soja, ar\u00f4me naturel de vanille)<\/span><span class=\"s1\">, sp\u00e9culoos <\/span><span class=\"s3\">(huile de colza, farine de bl\u00e9, sucre, graisse de palme, sirop de sucre, eau, \u00e9mulsifiant: l\u00e9cithine (E322), agent levant: bicarbonate de sodium (E500), acide alimentaire: acide citrique (E330), sel, maltodextrine, cannelle, ar\u00f4me naturel)<\/span><span class=\"s1\">, kadayif <\/span><span class=\"s3\">(farine de bl\u00e9, eau, amidon de ma\u00efs, huile v\u00e9g\u00e9tale (tournesol), sel, conservateurs: E202, E282)<\/span><span class=\"s1\">, <\/span><span class=\"s2\">poudre de lait<\/span><span class=\"s1\">, cardamome, huile de tournesol.<\/span><\/p>\n<p class=\"p1\"><span class=\"s2\">Allerg\u00e8nes:<\/span><span class=\"s1\"> Contient: <\/span><span class=\"s2\">Lait, soja, bl\u00e9 (gluten).<\/span><span class=\"s1\"> Peut contenir des traces de: <\/span><span class=\"s2\">Amandes, pistaches, noisettes.<\/span><\/p>\n<p class=\"p1\"><span class=\"s2\">Conservation:<\/span><span class=\"s1\"> Conserver dans un endroit frais et sec, \u00e0 l\u2019abri de la lumi\u00e8re directe du soleil.<\/span><\/p>\n<p class=\"p1\"><span class=\"s1\">\u2e3b<\/span><\/p>\n","protected":false},"excerpt":{"rendered":"<p>Tucho Spice Field Milk Chocolate 230 gram A luxurious velvety blend of exotic Indian cardamom, aromatic cinnamon\u00a0and crunchy kadayif. Enjoy [&hellip;]<\/p>\n","protected":false},"featured_media":14139,"template":"","meta":{"_acf_changed":false,"site-sidebar-layout":"default","site-content-layout":"","ast-site-content-layout":"default","site-content-style":"default","site-sidebar-style":"default","ast-global-header-display":"","ast-banner-title-visibility":"","ast-main-header-display":"","ast-hfb-above-header-display":"","ast-hfb-below-header-display":"","ast-hfb-mobile-header-display":"","site-post-title":"","ast-breadcrumbs-content":"","ast-featured-img":"","footer-sml-layout":"","theme-transparent-header-meta":"default","adv-header-id-meta":"","stick-header-meta":"","header-above-stick-meta":"","header-main-stick-meta":"","header-below-stick-meta":"","astra-migrate-meta-layouts":"set","ast-page-background-enabled":"default","ast-page-background-meta":{"desktop":{"background-color":"var(--ast-global-color-5)","background-image":"","background-repeat":"repeat","background-position":"center center","background-size":"auto","background-attachment":"scroll","background-type":"","background-media":"","overlay-type":"","overlay-color":"","overlay-opacity":"","overlay-gradient":""},"tablet":{"background-color":"","background-image":"","background-repeat":"repeat","background-position":"center center","background-size":"auto","background-attachment":"scroll","background-type":"","background-media":"","overlay-type":"","overlay-color":"","overlay-opacity":"","overlay-gradient":""},"mobile":{"background-color":"","background-image":"","background-repeat":"repeat","background-position":"center center","background-size":"auto","background-attachment":"scroll","background-type":"","background-media":"","overlay-type":"","overlay-color":"","overlay-opacity":"","overlay-gradient":""}},"ast-content-background-meta":{"desktop":{"background-color":"var(--ast-global-color-4)","background-image":"","background-repeat":"repeat","background-position":"center center","background-size":"auto","background-attachment":"scroll","background-type":"","background-media":"","overlay-type":"","overlay-color":"","overlay-opacity":"","overlay-gradient":""},"tablet":{"background-color":"var(--ast-global-color-4)","background-image":"","background-repeat":"repeat","background-position":"center center","background-size":"auto","background-attachment":"scroll","background-type":"","background-media":"","overlay-type":"","overlay-color":"","overlay-opacity":"","overlay-gradient":""},"mobile":{"background-color":"var(--ast-global-color-4)","background-image":"","background-repeat":"repeat","background-position":"center center","background-size":"auto","background-attachment":"scroll","background-type":"","background-media":"","overlay-type":"","overlay-color":"","overlay-opacity":"","overlay-gradient":""}}},"product_brand":[],"product_cat":[50],"product_tag":[],"class_list":{"0":"post-930","1":"product","2":"type-product","3":"status-publish","4":"has-post-thumbnail","6":"product_cat-tucho-chocolate-bars","7":"desktop-align-left","8":"tablet-align-left","9":"mobile-align-left","11":"first","12":"instock","13":"taxable","14":"shipping-taxable","15":"purchasable","16":"product-type-simple"},"acf":[],"_links":{"self":[{"href":"https:\/\/tucho.be\/nl\/wp-json\/wp\/v2\/product\/930","targetHints":{"allow":["GET"]}}],"collection":[{"href":"https:\/\/tucho.be\/nl\/wp-json\/wp\/v2\/product"}],"about":[{"href":"https:\/\/tucho.be\/nl\/wp-json\/wp\/v2\/types\/product"}],"wp:featuredmedia":[{"embeddable":true,"href":"https:\/\/tucho.be\/nl\/wp-json\/wp\/v2\/media\/14139"}],"wp:attachment":[{"href":"https:\/\/tucho.be\/nl\/wp-json\/wp\/v2\/media?parent=930"}],"wp:term":[{"taxonomy":"product_brand","embeddable":true,"href":"https:\/\/tucho.be\/nl\/wp-json\/wp\/v2\/product_brand?post=930"},{"taxonomy":"product_cat","embeddable":true,"href":"https:\/\/tucho.be\/nl\/wp-json\/wp\/v2\/product_cat?post=930"},{"taxonomy":"product_tag","embeddable":true,"href":"https:\/\/tucho.be\/nl\/wp-json\/wp\/v2\/product_tag?post=930"}],"curies":[{"name":"wp","href":"https:\/\/api.w.org\/{rel}","templated":true}]}}