{"id":933,"date":"2025-07-24T12:38:39","date_gmt":"2025-07-24T10:38:39","guid":{"rendered":"https:\/\/tucho.be\/?post_type=product&#038;p=933"},"modified":"2026-03-10T00:22:44","modified_gmt":"2026-03-09T23:22:44","slug":"pistachio-garden-compact-edition","status":"publish","type":"product","link":"https:\/\/tucho.be\/nl\/product\/pistachio-garden-compact-edition\/","title":{"rendered":"Pistachio Garden\u2122 Compact Edition"},"content":{"rendered":"<p><span style=\"font-size: 17px\"><strong>Pistachio Garden\u2122<\/strong><\/span><br \/>\nMilk Chocolate<br \/>\n140 gram<\/p>\n<p>Experience the rich taste of our handcrafted premium chocolate bars, each filled with creamy pistachio paste. Discover the attention to detail and delightful flavors infused into each handmade masterpiece.<\/p>\n<p>Filled pistachio chocolate bars, as many people call it the viral Dubai knafeh kunefe chocolate is the new wave for chocolate lovers.<\/p>\n<p class=\"cvGsUA direction-ltr align-center para-style-body\"><span class=\"OYPEnA text-decoration-none text-strikethrough-none\">Premium Mediterranean pistachios, crunchy kadayif\u00a0and a subtle hint of tahin.<\/span><\/p>\n<p class=\"cvGsUA direction-ltr align-center para-style-body\"><span class=\"OYPEnA text-decoration-none text-strikethrough-none\">Enjoy The Symphony of Flavours<\/span><\/p>\n<p>&nbsp;<\/p>\n<p>\ud83c\uddec\ud83c\udde7 English (EN):<\/p>\n<p>Ingredients: Milk chocolate (sugar, cocoa butter, whole milk powder, cocoa mass, emulsifier: soy lecithin, natural vanilla flavor), pistachio cream (vegetable oils (sunflower, olive oil), sugar, skimmed milk powder, whey powder, cocoa powder, natural vanilla, emulsifier: lecithin (E322)) , roasted pistachios, tahini (sesame), kadayif (wheat flour, water, corn starch, vegetable oil (sunflower), salt, preservatives: E202, E282), sunflower oil.<\/p>\n<p>Allergens: Contains: Milk, soy, pistachios, wheat (gluten), sesame. May contain traces of: Almonds, hazelnuts.<\/p>\n<p>Storage: Keep in a cool, dry place, away from direct sunlight.<\/p>\n<p>\ud83c\udde9\ud83c\uddea Deutsch (DE):<\/p>\n<p>Zutaten: Milchschokolade (Zucker, Kakaobutter, Vollmilchpulver, Kakaomasse, Emulgator: Sojalecithin, nat\u00fcrliches Vanillearoma), Pistaziencreme (pflanzliche \u00d6le (Sonnenblume, Oliven\u00f6l), Zucker, Magermilchpulver, Molkepulver, Kakaopulver, nat\u00fcrliche Vanille, Emulgator: Lecithin (E322)) , ger\u00f6stete Pistazien, Tahini (Sesam), Kadayif (Weizenmehl, Wasser, Maisst\u00e4rke, pflanzliches \u00d6l (Sonnenblume), Salz, Konservierungsstoffe: E202, E282), Sonnenblumen\u00f6l.<\/p>\n<p>Allergene: Enth\u00e4lt: Milch, Soja, Pistazien, Weizen (Gluten), Sesam. Kann Spuren enthalten von: Mandeln, Haseln\u00fcsse.<\/p>\n<p>Lagerung: K\u00fchl und trocken lagern, vor direkter Sonneneinstrahlung sch\u00fctzen.<\/p>\n<p>\ud83c\uddf3\ud83c\uddf1 Nederlands (NL):<\/p>\n<p>Ingredi\u00ebnten: Melkchocolade (suiker, cacaoboter, volle melkpoeder, cacaomassa, emulgator: sojalecithine, natuurlijk vanillearoma), pistachecr\u00e8me (plantaardige oli\u00ebn (zonnebloem, olijfolie), suiker, magere melkpoeder, weipoeder, cacaopoeder, natuurlijke vanille, emulgator: lecithine (E322)) , geroosterde pistachenoten, tahini (sesam), kadayif (tarwebloem, water, ma\u00efszetmeel, plantaardige olie (zonnebloem), zout, conserveermiddelen: E202, E282), zonnebloemolie.<\/p>\n<p>Allergenen: Bevat: Melk, soja, pistachenoten, tarwe (gluten), sesam. Kan sporen bevatten van: Amandelen, hazelnoten.<\/p>\n<p>Bewaren: Koel en droog bewaren, uit de buurt van direct zonlicht.<\/p>\n<p>\ud83c\uddeb\ud83c\uddf7 Fran\u00e7ais (FR):<\/p>\n<p>Ingr\u00e9dients: Chocolat au lait (sucre, beurre de cacao, lait entier en poudre, masse de cacao, \u00e9mulsifiant: l\u00e9cithine de soja, ar\u00f4me naturel de vanille), cr\u00e8me de pistache (huiles v\u00e9g\u00e9tales (tournesol, huile d\u2019olive), sucre, lait \u00e9cr\u00e9m\u00e9 en poudre, poudre de lactos\u00e9rum, poudre de cacao, vanille naturelle, \u00e9mulsifiant: l\u00e9cithine (E322)) , pistaches grill\u00e9es, tahini (s\u00e9same), kadayif (farine de bl\u00e9, eau, amidon de ma\u00efs, huile v\u00e9g\u00e9tale (tournesol), sel, conservateurs: E202, E282), huile de tournesol.<\/p>\n<p>Allerg\u00e8nes: Contient: Lait, soja, pistaches, bl\u00e9 (gluten), s\u00e9same. Peut contenir des traces de: Amandes, noisettes.<\/p>\n<p>Conservation: Conserver dans un endroit frais et sec, \u00e0 l\u2019abri de la lumi\u00e8re directe du soleil.<\/p>\n","protected":false},"excerpt":{"rendered":"<p>Pistachio chocolate bars<\/p>\n","protected":false},"featured_media":974,"template":"","meta":{"_acf_changed":false,"site-sidebar-layout":"default","site-content-layout":"","ast-site-content-layout":"default","site-content-style":"default","site-sidebar-style":"default","ast-global-header-display":"","ast-banner-title-visibility":"","ast-main-header-display":"","ast-hfb-above-header-display":"","ast-hfb-below-header-display":"","ast-hfb-mobile-header-display":"","site-post-title":"","ast-breadcrumbs-content":"","ast-featured-img":"","footer-sml-layout":"","theme-transparent-header-meta":"default","adv-header-id-meta":"","stick-header-meta":"","header-above-stick-meta":"","header-main-stick-meta":"","header-below-stick-meta":"","astra-migrate-meta-layouts":"set","ast-page-background-enabled":"default","ast-page-background-meta":{"desktop":{"background-color":"var(--ast-global-color-5)","background-image":"","background-repeat":"repeat","background-position":"center center","background-size":"auto","background-attachment":"scroll","background-type":"","background-media":"","overlay-type":"","overlay-color":"","overlay-opacity":"","overlay-gradient":""},"tablet":{"background-color":"","background-image":"","background-repeat":"repeat","background-position":"center center","background-size":"auto","background-attachment":"scroll","background-type":"","background-media":"","overlay-type":"","overlay-color":"","overlay-opacity":"","overlay-gradient":""},"mobile":{"background-color":"","background-image":"","background-repeat":"repeat","background-position":"center center","background-size":"auto","background-attachment":"scroll","background-type":"","background-media":"","overlay-type":"","overlay-color":"","overlay-opacity":"","overlay-gradient":""}},"ast-content-background-meta":{"desktop":{"background-color":"var(--ast-global-color-4)","background-image":"","background-repeat":"repeat","background-position":"center center","background-size":"auto","background-attachment":"scroll","background-type":"","background-media":"","overlay-type":"","overlay-color":"","overlay-opacity":"","overlay-gradient":""},"tablet":{"background-color":"var(--ast-global-color-4)","background-image":"","background-repeat":"repeat","background-position":"center center","background-size":"auto","background-attachment":"scroll","background-type":"","background-media":"","overlay-type":"","overlay-color":"","overlay-opacity":"","overlay-gradient":""},"mobile":{"background-color":"var(--ast-global-color-4)","background-image":"","background-repeat":"repeat","background-position":"center center","background-size":"auto","background-attachment":"scroll","background-type":"","background-media":"","overlay-type":"","overlay-color":"","overlay-opacity":"","overlay-gradient":""}}},"product_brand":[],"product_cat":[50],"product_tag":[],"class_list":{"0":"post-933","1":"product","2":"type-product","3":"status-publish","4":"has-post-thumbnail","6":"product_cat-tucho-chocolate-bars","7":"desktop-align-left","8":"tablet-align-left","9":"mobile-align-left","11":"first","12":"instock","13":"featured","14":"taxable","15":"shipping-taxable","16":"purchasable","17":"product-type-simple"},"acf":[],"_links":{"self":[{"href":"https:\/\/tucho.be\/nl\/wp-json\/wp\/v2\/product\/933","targetHints":{"allow":["GET"]}}],"collection":[{"href":"https:\/\/tucho.be\/nl\/wp-json\/wp\/v2\/product"}],"about":[{"href":"https:\/\/tucho.be\/nl\/wp-json\/wp\/v2\/types\/product"}],"wp:featuredmedia":[{"embeddable":true,"href":"https:\/\/tucho.be\/nl\/wp-json\/wp\/v2\/media\/974"}],"wp:attachment":[{"href":"https:\/\/tucho.be\/nl\/wp-json\/wp\/v2\/media?parent=933"}],"wp:term":[{"taxonomy":"product_brand","embeddable":true,"href":"https:\/\/tucho.be\/nl\/wp-json\/wp\/v2\/product_brand?post=933"},{"taxonomy":"product_cat","embeddable":true,"href":"https:\/\/tucho.be\/nl\/wp-json\/wp\/v2\/product_cat?post=933"},{"taxonomy":"product_tag","embeddable":true,"href":"https:\/\/tucho.be\/nl\/wp-json\/wp\/v2\/product_tag?post=933"}],"curies":[{"name":"wp","href":"https:\/\/api.w.org\/{rel}","templated":true}]}}