{"id":935,"date":"2025-07-24T12:38:39","date_gmt":"2025-07-24T10:38:39","guid":{"rendered":"https:\/\/tucho.be\/?post_type=product&#038;p=935"},"modified":"2026-03-09T18:07:40","modified_gmt":"2026-03-09T17:07:40","slug":"angel-hair","status":"publish","type":"product","link":"https:\/\/tucho.be\/nl\/product\/angel-hair\/","title":{"rendered":"Angel Hair\u00ae"},"content":{"rendered":"<p><span style=\"font-size: 17px;\"><strong>Angel Hair\u00ae<\/strong><\/span><br \/>\nWhite Chocolate<br \/>\n157 gram<\/p>\n<p>Experience the rich taste of this fluffy in-the-mouth-melting treat, filled with Pi\u015fmaniye (Turkish cotton candy), pistachio cream and a subtle hint of vanilla, pomegranate and raspberry. Discover the attention to detail and delightful flavors infused into each handmade masterpiece.<\/p>\n<p class=\"cvGsUA direction-ltr align-center para-style-body\"><strong><span class=\"OYPEnA text-decoration-none text-strikethrough-none\">Enjoy The Symphony of Flavours<\/span><\/strong><\/p>\n<p class=\"cvGsUA direction-ltr align-justify para-style-body\"><span class=\"OYPEnA font-feature-liga-off font-feature-clig-off font-feature-calt-off text-decoration-none text-strikethrough-none\">Ingredients \/ Ingredi\u00ebnten \/ Ingr\u00e9dients \/ Zutaten<\/span><\/p>\n<p class=\"cvGsUA direction-ltr align-justify para-style-body\"><span class=\"OYPEnA font-feature-liga-off font-feature-clig-off font-feature-calt-off text-decoration-none text-strikethrough-none\">EN<\/span><span class=\"OYPEnA font-feature-liga-off font-feature-clig-off font-feature-calt-off text-decoration-none text-strikethrough-none\">: Sugar, cocoa butter, whole MILK powder, cocoa mass, emulsifier (SOY lecithin), natural vanilla flavor, glucose syrup, sunflower oil, invert sugar syrup, acidity regulator (citric acid), natural flavors, elderberry concentrate, glazing agent (beeswax), PISTACHIO, vegetable oils and fats (sunflower, palm, cottonseed, rapeseed, flaxseed), whey powder, raspberry powder, WHEAT flour, colorant (E122), Turkish cotton candy (may contain hibiscus extract). May contain traces of SESAME, HAZELNUTS. Contains E122: may have an adverse effect on activity and attention in children.<br \/>\nStorage: Store in a cool, dry place, away from sunlight<br \/>\n<\/span><\/p>\n<p class=\"cvGsUA direction-ltr align-justify para-style-body\"><span class=\"OYPEnA font-feature-liga-off font-feature-clig-off font-feature-calt-off text-decoration-none text-strikethrough-none\">NL<\/span><span class=\"OYPEnA font-feature-liga-off font-feature-clig-off font-feature-calt-off text-decoration-none text-strikethrough-none\">: Suiker, cacaoboter, volle MELKpoeder, cacaomassa, emulgator (SOJAlecithine), natuurlijke vanille-aroma, glucosestroop, zonnebloemolie, invertsuikersiroop, zuurbestendingsmiddel (citroenzuur), natuurlijke aroma&#8217;s, vlierbesconcentraat, glansmiddel (bijenwas), PISTACHE, plantaardige oli\u00ebn en vetten (zonnebloem, palm, katoenzaad, koolzaad, lijnzaad), wei-eiwit, frambozenpoeder, TARWEbloem, kleurstof (E122), Turkse suikerspin (kan hibiscusextract bevatten). Kan sporen bevatten van SESAM, HAZELNOTEN. Bevat E122: kan de activiteit of oplettendheid van kinderen nadelig be\u00efnvloeden.<br \/>\n<\/span><span class=\"OYPEnA font-feature-liga-off font-feature-clig-off font-feature-calt-off text-decoration-none text-strikethrough-none\">Bewaring: Koel en droog bewaren, uit de zon<\/span><\/p>\n<p class=\"cvGsUA direction-ltr align-justify para-style-body\"><span class=\"OYPEnA font-feature-liga-off font-feature-clig-off font-feature-calt-off text-decoration-none text-strikethrough-none\">FR<\/span><span class=\"OYPEnA font-feature-liga-off font-feature-clig-off font-feature-calt-off text-decoration-none text-strikethrough-none\">: Sucre, beurre de cacao, poudre de LAIT entier, masse de cacao, \u00e9mulsifiant (L\u00c9CITHINE de SOJA), ar\u00f4me naturel de vanille, sirop de glucose, huile de tournesol, sirop de sucre inverti, r\u00e9gulateur d&#8217;acidit\u00e9 (acide citrique), ar\u00f4mes naturels, concentr\u00e9 de sureau, agent de gla\u00e7age (cire d&#8217;abeille), PISTACHE, huiles et graisses v\u00e9g\u00e9tales (tournesol, palmiste, coton, colza, lin), poudre de lactos\u00e9rum, poudre de framboise, farine de BL\u00c9, colorant (E122), barbe \u00e0 papa turque (peut contenir de l&#8217;extrait d&#8217;hibiscus). Peut contenir des traces de S\u00c9SAME, NOISETTES. Contient E122 : peut avoir des effets ind\u00e9sirables sur l&#8217;activit\u00e9 et l&#8217;attention chez les enfants.<br \/>\nConservation: Conserver au frais et au sec, \u00e0 l&#8217;abri du soleil<br \/>\n<\/span><\/p>\n<p class=\"cvGsUA direction-ltr align-justify para-style-body\"><span class=\"OYPEnA font-feature-liga-off font-feature-clig-off font-feature-calt-off text-decoration-none text-strikethrough-none\">DE<\/span><span class=\"OYPEnA font-feature-liga-off font-feature-clig-off font-feature-calt-off text-decoration-none text-strikethrough-none\">: Zucker, Kakaobutter, VollMILCHpulver, Kakaomasse, Emulgator (SOJA-Lecithin), nat\u00fcrliches Vanillearoma, Glukosesirup, Sonnenblumen\u00f6l, Invertzuckersirup, S\u00e4ureregulator (Zitronens\u00e4ure), nat\u00fcrliche Aromen, Holunderbeerkonzentrat, \u00dcberzugsmittel (Bienenwachs), PISTAZIE, pflanzliche \u00d6le und Fette (Sonnenblume, Palm, Baumwollsaat, Raps, Leinsamen), Molkenpulver, Himbeerpulver, WEIZENmehl, Farbstoff (E122), t\u00fcrkische Zuckerwatte (kann Hibiskusextrakt enthalten). Kann Spuren von SESAM, HASELN\u00dcSSEN enthalten. Enth\u00e4lt E122: kann Aktivit\u00e4t und Aufmerksamkeit bei Kindern beeintr\u00e4chtigen.<br \/>\n<\/span><span class=\"OYPEnA font-feature-liga-off font-feature-clig-off font-feature-calt-off text-decoration-none text-strikethrough-none\">Lagerung: K\u00fchl und trocken lagern, vor Sonnenlicht sch\u00fctzen<\/span><\/p>\n","protected":false},"excerpt":{"rendered":"<p>Angel Hair\u00ae White Chocolate 157 gram Experience the rich taste of this fluffy in-the-mouth-melting treat, filled with Pi\u015fmaniye (Turkish cotton [&hellip;]<\/p>\n","protected":false},"featured_media":14118,"template":"","meta":{"_acf_changed":false,"site-sidebar-layout":"default","site-content-layout":"","ast-site-content-layout":"default","site-content-style":"default","site-sidebar-style":"default","ast-global-header-display":"","ast-banner-title-visibility":"","ast-main-header-display":"","ast-hfb-above-header-display":"","ast-hfb-below-header-display":"","ast-hfb-mobile-header-display":"","site-post-title":"","ast-breadcrumbs-content":"","ast-featured-img":"","footer-sml-layout":"","theme-transparent-header-meta":"default","adv-header-id-meta":"","stick-header-meta":"","header-above-stick-meta":"","header-main-stick-meta":"","header-below-stick-meta":"","astra-migrate-meta-layouts":"set","ast-page-background-enabled":"default","ast-page-background-meta":{"desktop":{"background-color":"var(--ast-global-color-5)","background-image":"","background-repeat":"repeat","background-position":"center center","background-size":"auto","background-attachment":"scroll","background-type":"","background-media":"","overlay-type":"","overlay-color":"","overlay-opacity":"","overlay-gradient":""},"tablet":{"background-color":"","background-image":"","background-repeat":"repeat","background-position":"center center","background-size":"auto","background-attachment":"scroll","background-type":"","background-media":"","overlay-type":"","overlay-color":"","overlay-opacity":"","overlay-gradient":""},"mobile":{"background-color":"","background-image":"","background-repeat":"repeat","background-position":"center center","background-size":"auto","background-attachment":"scroll","background-type":"","background-media":"","overlay-type":"","overlay-color":"","overlay-opacity":"","overlay-gradient":""}},"ast-content-background-meta":{"desktop":{"background-color":"var(--ast-global-color-4)","background-image":"","background-repeat":"repeat","background-position":"center center","background-size":"auto","background-attachment":"scroll","background-type":"","background-media":"","overlay-type":"","overlay-color":"","overlay-opacity":"","overlay-gradient":""},"tablet":{"background-color":"var(--ast-global-color-4)","background-image":"","background-repeat":"repeat","background-position":"center center","background-size":"auto","background-attachment":"scroll","background-type":"","background-media":"","overlay-type":"","overlay-color":"","overlay-opacity":"","overlay-gradient":""},"mobile":{"background-color":"var(--ast-global-color-4)","background-image":"","background-repeat":"repeat","background-position":"center center","background-size":"auto","background-attachment":"scroll","background-type":"","background-media":"","overlay-type":"","overlay-color":"","overlay-opacity":"","overlay-gradient":""}}},"product_brand":[],"product_cat":[50],"product_tag":[],"class_list":{"0":"post-935","1":"product","2":"type-product","3":"status-publish","4":"has-post-thumbnail","6":"product_cat-tucho-chocolate-bars","7":"desktop-align-left","8":"tablet-align-left","9":"mobile-align-left","11":"first","12":"instock","13":"featured","14":"taxable","15":"shipping-taxable","16":"purchasable","17":"product-type-simple"},"acf":[],"_links":{"self":[{"href":"https:\/\/tucho.be\/nl\/wp-json\/wp\/v2\/product\/935","targetHints":{"allow":["GET"]}}],"collection":[{"href":"https:\/\/tucho.be\/nl\/wp-json\/wp\/v2\/product"}],"about":[{"href":"https:\/\/tucho.be\/nl\/wp-json\/wp\/v2\/types\/product"}],"wp:featuredmedia":[{"embeddable":true,"href":"https:\/\/tucho.be\/nl\/wp-json\/wp\/v2\/media\/14118"}],"wp:attachment":[{"href":"https:\/\/tucho.be\/nl\/wp-json\/wp\/v2\/media?parent=935"}],"wp:term":[{"taxonomy":"product_brand","embeddable":true,"href":"https:\/\/tucho.be\/nl\/wp-json\/wp\/v2\/product_brand?post=935"},{"taxonomy":"product_cat","embeddable":true,"href":"https:\/\/tucho.be\/nl\/wp-json\/wp\/v2\/product_cat?post=935"},{"taxonomy":"product_tag","embeddable":true,"href":"https:\/\/tucho.be\/nl\/wp-json\/wp\/v2\/product_tag?post=935"}],"curies":[{"name":"wp","href":"https:\/\/api.w.org\/{rel}","templated":true}]}}