{"id":937,"date":"2025-07-24T12:38:40","date_gmt":"2025-07-24T10:38:40","guid":{"rendered":"https:\/\/tucho.be\/?post_type=product&#038;p=937"},"modified":"2025-10-12T09:59:40","modified_gmt":"2025-10-12T07:59:40","slug":"premium-pistachio-cream","status":"publish","type":"product","link":"https:\/\/tucho.be\/nl\/product\/premium-pistachio-cream\/","title":{"rendered":"Premium Pistachio Cream"},"content":{"rendered":"<p><span style=\"font-size: 18px;\"><strong>Premium Pistachio Cream<br \/>\n<\/strong><\/span><strong>Exclusively High Pistachio Content of 45%<\/strong><br \/>\n<strong><span class=\"OYPEnA font-feature-liga-off font-feature-clig-off font-feature-calt-off text-decoration-none text-strikethrough-none\">200 gram<\/span><\/strong><\/p>\n<p><span class=\"OYPEnA font-feature-liga-off font-feature-clig-off font-feature-calt-off text-decoration-none text-strikethrough-none\">Our cream collection is crafted to elevate your culinary gourmet experiences with exquisite flavours.<\/span><\/p>\n<p>Enjoy it on toast, pastries or straight from the jar.<\/p>\n<p class=\"cvGsUA direction-ltr align-center para-style-body\"><span class=\"OYPEnA font-feature-liga-off font-feature-clig-off font-feature-calt-off text-decoration-none text-strikethrough-none\">Enjoy The Symphony of Flavours<br \/>\n<\/span><\/p>\n<p>&nbsp;<\/p>\n<p><strong>Ingredients \/ Ingredi\u00ebnten \/ Ingr\u00e9dients \/ Zutaten :<\/strong><\/p>\n<p><strong>EN<\/strong>: Pistachio 45%, sugar, <strong>milk<\/strong> powder, extra virgin olive oil, non-hydrogenated vegetable fats (sunflower oil, cocoa butter), emulsifier: <strong>soy<\/strong> lecithin. May contain traces of nuts. Gluten-free and palm oil-free.<br \/>\n<strong>NL<\/strong>: pistachenoten 45%, suiker, <strong>melk<\/strong>poeder, extra vierge olijfolie, niet-gehydrogeneerde plantaardige vetten (zonnebloemolie, cacaoboter), emulgator <strong>soja<\/strong>lechithine. Kan sporen van noten bevatten. Glutenvrij en vrij van palmolie<br \/>\n<strong>FR<\/strong>: Noix de pistache 45 %, sucre, poudre de <strong>lait<\/strong>, huile d\u2019olive extra vierge, graisses v\u00e9g\u00e9tales non hydrog\u00e9n\u00e9es (huile de tournesol, beurre de cacao), \u00e9mulsifiant : l\u00e9cithine de <strong>soja<\/strong>. Peut contenir des traces de fruits \u00e0 coque. Sans gluten et sans huile de palme.<br \/>\n<strong>DE<\/strong>: Pistazien 45 %, Zucker, <strong>Milch<\/strong>pulver, natives Oliven\u00f6l extra, nicht geh\u00e4rtete pflanzliche Fette (Sonnenblumen\u00f6l, Kakaobutter), Emulgator: <strong>Soja<\/strong>lecithin. Kann Spuren von Schalenfr\u00fcchten enthalten. Glutenfrei und ohne Palm\u00f6l.<\/p>\n","protected":false},"excerpt":{"rendered":"<p>Premium Pistachio Cream Exclusively High Pistachio Content of 45% 200 gram Our cream collection is crafted to elevate your culinary [&hellip;]<\/p>\n","protected":false},"featured_media":995,"template":"","meta":{"_acf_changed":false,"site-sidebar-layout":"default","site-content-layout":"","ast-site-content-layout":"default","site-content-style":"default","site-sidebar-style":"default","ast-global-header-display":"","ast-banner-title-visibility":"","ast-main-header-display":"","ast-hfb-above-header-display":"","ast-hfb-below-header-display":"","ast-hfb-mobile-header-display":"","site-post-title":"","ast-breadcrumbs-content":"","ast-featured-img":"","footer-sml-layout":"","theme-transparent-header-meta":"default","adv-header-id-meta":"","stick-header-meta":"","header-above-stick-meta":"","header-main-stick-meta":"","header-below-stick-meta":"","astra-migrate-meta-layouts":"set","ast-page-background-enabled":"default","ast-page-background-meta":{"desktop":{"background-color":"var(--ast-global-color-5)","background-image":"","background-repeat":"repeat","background-position":"center center","background-size":"auto","background-attachment":"scroll","background-type":"","background-media":"","overlay-type":"","overlay-color":"","overlay-opacity":"","overlay-gradient":""},"tablet":{"background-color":"","background-image":"","background-repeat":"repeat","background-position":"center center","background-size":"auto","background-attachment":"scroll","background-type":"","background-media":"","overlay-type":"","overlay-color":"","overlay-opacity":"","overlay-gradient":""},"mobile":{"background-color":"","background-image":"","background-repeat":"repeat","background-position":"center center","background-size":"auto","background-attachment":"scroll","background-type":"","background-media":"","overlay-type":"","overlay-color":"","overlay-opacity":"","overlay-gradient":""}},"ast-content-background-meta":{"desktop":{"background-color":"var(--ast-global-color-4)","background-image":"","background-repeat":"repeat","background-position":"center center","background-size":"auto","background-attachment":"scroll","background-type":"","background-media":"","overlay-type":"","overlay-color":"","overlay-opacity":"","overlay-gradient":""},"tablet":{"background-color":"var(--ast-global-color-4)","background-image":"","background-repeat":"repeat","background-position":"center center","background-size":"auto","background-attachment":"scroll","background-type":"","background-media":"","overlay-type":"","overlay-color":"","overlay-opacity":"","overlay-gradient":""},"mobile":{"background-color":"var(--ast-global-color-4)","background-image":"","background-repeat":"repeat","background-position":"center center","background-size":"auto","background-attachment":"scroll","background-type":"","background-media":"","overlay-type":"","overlay-color":"","overlay-opacity":"","overlay-gradient":""}}},"product_brand":[],"product_cat":[53],"product_tag":[],"class_list":{"0":"post-937","1":"product","2":"type-product","3":"status-publish","4":"has-post-thumbnail","6":"product_cat-tucho-cream","7":"desktop-align-left","8":"tablet-align-left","9":"mobile-align-left","11":"first","12":"instock","13":"sale","14":"featured","15":"taxable","16":"shipping-taxable","17":"purchasable","18":"product-type-simple"},"acf":[],"_links":{"self":[{"href":"https:\/\/tucho.be\/nl\/wp-json\/wp\/v2\/product\/937","targetHints":{"allow":["GET"]}}],"collection":[{"href":"https:\/\/tucho.be\/nl\/wp-json\/wp\/v2\/product"}],"about":[{"href":"https:\/\/tucho.be\/nl\/wp-json\/wp\/v2\/types\/product"}],"wp:featuredmedia":[{"embeddable":true,"href":"https:\/\/tucho.be\/nl\/wp-json\/wp\/v2\/media\/995"}],"wp:attachment":[{"href":"https:\/\/tucho.be\/nl\/wp-json\/wp\/v2\/media?parent=937"}],"wp:term":[{"taxonomy":"product_brand","embeddable":true,"href":"https:\/\/tucho.be\/nl\/wp-json\/wp\/v2\/product_brand?post=937"},{"taxonomy":"product_cat","embeddable":true,"href":"https:\/\/tucho.be\/nl\/wp-json\/wp\/v2\/product_cat?post=937"},{"taxonomy":"product_tag","embeddable":true,"href":"https:\/\/tucho.be\/nl\/wp-json\/wp\/v2\/product_tag?post=937"}],"curies":[{"name":"wp","href":"https:\/\/api.w.org\/{rel}","templated":true}]}}